{"id":1013,"date":"2024-10-30T13:14:58","date_gmt":"2024-10-30T13:14:58","guid":{"rendered":"https:\/\/watpacph.org\/?page_id=1013"},"modified":"2025-08-11T04:07:21","modified_gmt":"2025-08-11T04:07:21","slug":"contact-us","status":"publish","type":"page","link":"https:\/\/watpacph.org\/?page_id=1013","title":{"rendered":"Contact us"},"content":{"rendered":"\n<div class=\"wp-block-group alignfull is-style-section-2 is-layout-constrained wp-block-group-is-layout-constrained\" style=\"margin-top:0;margin-bottom:0;padding-top:var(--wp--preset--spacing--60);padding-bottom:var(--wp--preset--spacing--60)\">\n<div class=\"wp-block-columns alignwide is-layout-flex wp-container-core-columns-is-layout-643ced6b wp-block-columns-is-layout-flex\">\n<div class=\"wp-block-column is-layout-flow wp-block-column-is-layout-flow\" style=\"flex-basis:40%\">\n<figure class=\"wp-block-image size-large\"><img loading=\"lazy\" decoding=\"async\" width=\"816\" height=\"1024\" src=\"https:\/\/watpacph.org\/wp-content\/uploads\/2025\/08\/25890-816x1024.jpg\" alt=\"\" class=\"wp-image-1775\" srcset=\"https:\/\/watpacph.org\/wp-content\/uploads\/2025\/08\/25890-816x1024.jpg 816w, https:\/\/watpacph.org\/wp-content\/uploads\/2025\/08\/25890-239x300.jpg 239w, https:\/\/watpacph.org\/wp-content\/uploads\/2025\/08\/25890-768x964.jpg 768w, https:\/\/watpacph.org\/wp-content\/uploads\/2025\/08\/25890.jpg 1142w\" sizes=\"auto, (max-width: 816px) 100vw, 816px\" \/><\/figure>\n<\/div>\n\n\n\n<div class=\"wp-block-column is-vertically-aligned-center is-layout-flow wp-container-core-column-is-layout-119bc444 wp-block-column-is-layout-flow\" style=\"flex-basis:60%\">\n<p>WATPA COPENHAGEN<br>Rytterager 100<br>2791 Dragoer<br>DENMARK<\/p>\n\n\n\n<p><a href=\"mailto:watpacph@gmail.com\" target=\"_blank\" rel=\"noreferrer noopener\">watpacph@gmail.com<\/a><br>(+45)3294-2522<\/p>\n\n\n\n<p><a href=\"https:\/\/www.facebook.com\/Watpa.Copenhagen.Denmark\">https:\/\/www.facebook.com\/Watpa.Copenhagen.Denmark<\/a><\/p>\n\n\n\n<ul class=\"wp-block-social-links is-layout-flex wp-block-social-links-is-layout-flex\"><li class=\"wp-social-link wp-social-link-facebook  wp-block-social-link\"><a href=\"https:\/\/www.facebook.com\/Watpa.Copenhagen.Denmark\" class=\"wp-block-social-link-anchor\"><svg width=\"24\" height=\"24\" viewBox=\"0 0 24 24\" version=\"1.1\" xmlns=\"http:\/\/www.w3.org\/2000\/svg\" aria-hidden=\"true\" focusable=\"false\"><path d=\"M12 2C6.5 2 2 6.5 2 12c0 5 3.7 9.1 8.4 9.9v-7H7.9V12h2.5V9.8c0-2.5 1.5-3.9 3.8-3.9 1.1 0 2.2.2 2.2.2v2.5h-1.3c-1.2 0-1.6.8-1.6 1.6V12h2.8l-.4 2.9h-2.3v7C18.3 21.1 22 17 22 12c0-5.5-4.5-10-10-10z\"><\/path><\/svg><span class=\"wp-block-social-link-label screen-reader-text\">Facebook<\/span><\/a><\/li>\n\n<li class=\"wp-social-link wp-social-link-mail  wp-block-social-link\"><a href=\"mailto:s&#111;ms&#097;k&#100;k58&#064;&#103;&#109;&#097;i&#108;&#046;com\" class=\"wp-block-social-link-anchor\"><svg width=\"24\" height=\"24\" viewBox=\"0 0 24 24\" version=\"1.1\" xmlns=\"http:\/\/www.w3.org\/2000\/svg\" aria-hidden=\"true\" focusable=\"false\"><path d=\"M19,5H5c-1.1,0-2,.9-2,2v10c0,1.1.9,2,2,2h14c1.1,0,2-.9,2-2V7c0-1.1-.9-2-2-2zm.5,12c0,.3-.2.5-.5.5H5c-.3,0-.5-.2-.5-.5V9.8l7.5,5.6,7.5-5.6V17zm0-9.1L12,13.6,4.5,7.9V7c0-.3.2-.5.5-.5h14c.3,0,.5.2.5.5v.9z\"><\/path><\/svg><span class=\"wp-block-social-link-label screen-reader-text\">Mail<\/span><\/a><\/li><\/ul>\n<\/div>\n<\/div>\n<\/div>\n\n\n\n<div class=\"wp-block-group alignfull is-style-section-3 is-layout-constrained wp-block-group-is-layout-constrained\" style=\"margin-top:0;margin-bottom:0;padding-top:var(--wp--preset--spacing--50);padding-bottom:var(--wp--preset--spacing--50)\">\n<div class=\"wp-block-columns alignwide is-layout-flex wp-container-core-columns-is-layout-7ee84d44 wp-block-columns-is-layout-flex\">\n<div class=\"wp-block-column is-vertically-aligned-center is-layout-flow wp-block-column-is-layout-flow\" style=\"flex-basis:50%\">\n<h2 class=\"wp-block-heading\">Donation<\/h2>\n\n\n\n<p class=\"has-medium-font-size\">\u0e17\u0e48\u0e32\u0e19\u0e1c\u0e39\u0e49\u0e21\u0e35\u0e08\u0e34\u0e15\u0e28\u0e23\u0e31\u0e17\u0e18\u0e32\u0e17\u0e35\u0e48\u0e15\u0e49\u0e2d\u0e07\u0e01\u0e32\u0e23\u0e17\u0e35\u0e48\u0e08\u0e30\u0e1a\u0e23\u0e34\u0e08\u0e32\u0e04\u0e1b\u0e31\u0e08\u0e08\u0e31\u0e22\u0e16\u0e27\u0e32\u0e22\u0e43\u0e2b\u0e49\u0e01\u0e31\u0e1a\u0e17\u0e32\u0e07\u0e27\u0e31\u0e14\u0e40\u0e1b\u0e47\u0e19\u0e23\u0e32\u0e22\u0e40\u0e14\u0e37\u0e2d\u0e19<\/p>\n\n\n\n<p class=\"has-medium-font-size\">\u0e2a\u0e32\u0e21\u0e32\u0e23\u0e16\u0e42\u0e2d\u0e19\u0e1b\u0e31\u0e08\u0e08\u0e31\u0e22\u0e02\u0e2d\u0e07\u0e17\u0e48\u0e32\u0e19\u0e1c\u0e48\u0e32\u0e19\u0e17\u0e32\u0e07\u0e18\u0e19\u0e32\u0e04\u0e32\u0e23\u0e44\u0e14\u0e49\u0e17\u0e35\u0e48<br><a href=\"https:\/\/watpacph.org\/wp-content\/uploads\/2025\/07\/A4-Poster_WatpaCopenhagen71222-scaled.jpg\">\u0e42\u0e21\u0e1a\u0e34\u0e25\u0e40\u0e1e\u0e25 \u0e43\u0e19\u0e40\u0e14\u0e19\u0e21\u0e32\u0e23\u0e4c\u0e01 Mobil Pay in Denmark<\/a><\/p>\n\n\n\n<p class=\"has-medium-font-size\"><\/p>\n\n\n\n<blockquote class=\"wp-block-quote is-layout-flow wp-block-quote-is-layout-flow\">\n<p class=\"has-medium-font-size\">BETALING SERVICE NETBANK<\/p>\n\n\n\n<p class=\"has-medium-font-size\">Transfer NetBank INTERNET BANK<\/p>\n\n\n\n<p class=\"has-medium-font-size\">To: Nordea Bank (c\/o WATPA COPENHAGEN)<\/p>\n\n\n\n<p class=\"has-medium-font-size\">REG.NR 0106 &nbsp; KONTORNR.0044158787<br>(Watpa Copenhagen Bank Kontornr. 0106-0044158787)<\/p>\n\n\n\n<p class=\"has-medium-font-size\">IBAN : DK6920000044158787<\/p>\n\n\n\n<p class=\"has-medium-font-size\">Swift-address : NDEADKKK<\/p>\n\n\n\n<p class=\"has-medium-font-size\">ACCOUNT NAME : WATPA COPENHAGEN<\/p>\n\n\n\n<p class=\"has-medium-font-size\">Internation transfer SWIFT<\/p>\n<\/blockquote>\n\n\n\n<p>\u0e41\u0e25\u0e49\u0e27\u0e2a\u0e48\u0e07\u0e2d\u0e35\u0e40\u0e21\u0e25\u0e4c \u0e2b\u0e23\u0e37\u0e2d \u0e2a\u0e33\u0e40\u0e19\u0e32\u0e41\u0e08\u0e49\u0e07\u0e43\u0e2b\u0e49\u0e17\u0e32\u0e07\u0e27\u0e31\u0e14\u0e17\u0e23\u0e32\u0e1a\u0e17\u0e32\u0e07\u0e27\u0e31\u0e14\u0e1b\u0e48\u0e32\u0e42\u0e04\u0e40\u0e1b\u0e19\u0e40\u0e2e\u0e40\u0e01\u0e19 \u0e08\u0e30\u0e15\u0e2d\u0e1a\u0e23\u0e31\u0e1a\u0e17\u0e23\u0e32\u0e1a\u0e01\u0e25\u0e31\u0e1a\u0e43\u0e2b\u0e49\u0e17\u0e48\u0e32\u0e19<\/p>\n<\/div>\n\n\n\n<div class=\"wp-block-column is-vertically-aligned-center is-layout-flow wp-block-column-is-layout-flow\" style=\"flex-basis:50%\">\n<figure class=\"wp-block-image size-medium\"><a href=\"https:\/\/watpacph.org\/wp-content\/uploads\/2025\/08\/WatpaCopenhagen71222.png\"><img loading=\"lazy\" decoding=\"async\" width=\"212\" height=\"300\" src=\"https:\/\/watpacph.org\/wp-content\/uploads\/2025\/08\/WatpaCopenhagen71222-212x300.png\" alt=\"\" class=\"wp-image-1781\" srcset=\"https:\/\/watpacph.org\/wp-content\/uploads\/2025\/08\/WatpaCopenhagen71222-212x300.png 212w, https:\/\/watpacph.org\/wp-content\/uploads\/2025\/08\/WatpaCopenhagen71222-724x1024.png 724w, https:\/\/watpacph.org\/wp-content\/uploads\/2025\/08\/WatpaCopenhagen71222-768x1086.png 768w, https:\/\/watpacph.org\/wp-content\/uploads\/2025\/08\/WatpaCopenhagen71222.png 905w\" sizes=\"auto, (max-width: 212px) 100vw, 212px\" \/><\/a><\/figure>\n<\/div>\n<\/div>\n<\/div>\n\n\n<nav class=\"is-responsive wp-block-navigation is-layout-flex wp-block-navigation-is-layout-flex\" aria-label=\"Footer menu 3\" \n\t\t data-wp-interactive=\"core\/navigation\" data-wp-context='{\"overlayOpenedBy\":{\"click\":false,\"hover\":false,\"focus\":false},\"type\":\"overlay\",\"roleAttribute\":\"\",\"ariaLabel\":\"Menu\"}'><button aria-haspopup=\"dialog\" aria-label=\"Open menu\" class=\"wp-block-navigation__responsive-container-open\" \n\t\t\t\tdata-wp-on--click=\"actions.openMenuOnClick\"\n\t\t\t\tdata-wp-on--keydown=\"actions.handleMenuKeydown\"\n\t\t\t><svg width=\"24\" height=\"24\" xmlns=\"http:\/\/www.w3.org\/2000\/svg\" viewBox=\"0 0 24 24\" aria-hidden=\"true\" focusable=\"false\"><path d=\"M4 7.5h16v1.5H4z\"><\/path><path d=\"M4 15h16v1.5H4z\"><\/path><\/svg><\/button>\n\t\t\t\t<div class=\"wp-block-navigation__responsive-container\"  id=\"modal-1\" \n\t\t\t\tdata-wp-class--has-modal-open=\"state.isMenuOpen\"\n\t\t\t\tdata-wp-class--is-menu-open=\"state.isMenuOpen\"\n\t\t\t\tdata-wp-watch=\"callbacks.initMenu\"\n\t\t\t\tdata-wp-on--keydown=\"actions.handleMenuKeydown\"\n\t\t\t\tdata-wp-on--focusout=\"actions.handleMenuFocusout\"\n\t\t\t\ttabindex=\"-1\"\n\t\t\t>\n\t\t\t\t\t<div class=\"wp-block-navigation__responsive-close\" tabindex=\"-1\">\n\t\t\t\t\t\t<div class=\"wp-block-navigation__responsive-dialog\" \n\t\t\t\tdata-wp-bind--aria-modal=\"state.ariaModal\"\n\t\t\t\tdata-wp-bind--aria-label=\"state.ariaLabel\"\n\t\t\t\tdata-wp-bind--role=\"state.roleAttribute\"\n\t\t\t>\n\t\t\t\t\t\t\t<button aria-label=\"Close menu\" class=\"wp-block-navigation__responsive-container-close\" \n\t\t\t\tdata-wp-on--click=\"actions.closeMenuOnClick\"\n\t\t\t><svg xmlns=\"http:\/\/www.w3.org\/2000\/svg\" viewBox=\"0 0 24 24\" width=\"24\" height=\"24\" aria-hidden=\"true\" focusable=\"false\"><path d=\"m13.06 12 6.47-6.47-1.06-1.06L12 10.94 5.53 4.47 4.47 5.53 10.94 12l-6.47 6.47 1.06 1.06L12 13.06l6.47 6.47 1.06-1.06L13.06 12Z\"><\/path><\/svg><\/button>\n\t\t\t\t\t\t\t<div class=\"wp-block-navigation__responsive-container-content\" \n\t\t\t\tdata-wp-watch=\"callbacks.focusFirstElement\"\n\t\t\t id=\"modal-1-content\">\n\t\t\t\t\t\t\t\t<ul class=\"wp-block-navigation__container is-responsive wp-block-navigation\"><li class=\" wp-block-navigation-item wp-block-navigation-link\"><a class=\"wp-block-navigation-item__content\"  href=\"\/\"><span class=\"wp-block-navigation-item__label\">\u0e3aBlog<\/span><\/a><\/li><li class=\" wp-block-navigation-item wp-block-navigation-link\"><a class=\"wp-block-navigation-item__content\"  href=\"https:\/\/watpacph.org\/?page_id=1710\"><span class=\"wp-block-navigation-item__label\">About<\/span><\/a><\/li><li class=\" wp-block-navigation-item wp-block-navigation-link\"><a class=\"wp-block-navigation-item__content\"  href=\"https:\/\/watpacph.org\/?page_id=1013\"><span class=\"wp-block-navigation-item__label\">Contact<\/span><\/a><\/li><li class=\" wp-block-navigation-item wp-block-navigation-link\"><a class=\"wp-block-navigation-item__content\"  href=\"https:\/\/watpacph.org\/?page_id=1759\"><span class=\"wp-block-navigation-item__label\">Ordination<\/span><\/a><\/li><li class=\" wp-block-navigation-item wp-block-navigation-link\"><a class=\"wp-block-navigation-item__content\"  href=\"https:\/\/watpacph.org\/?page_id=443\"><span class=\"wp-block-navigation-item__label\">Buddhist Dhammayut in Europe<\/span><\/a><\/li><\/ul>\n\t\t\t\t\t\t\t<\/div>\n\t\t\t\t\t\t<\/div>\n\t\t\t\t\t<\/div>\n\t\t\t\t<\/div><\/nav>\n\n\n<hr class=\"wp-block-separator has-alpha-channel-opacity\"\/>\n\n\n\n<hr class=\"wp-block-separator has-alpha-channel-opacity\"\/>\n\n\n\n<h2 class=\"wp-block-heading\"><a href=\"https:\/\/www.google.com\/maps\/place\/Watpa+Copenhagen\/@55.592155,12.647221,15z\/data=!4m6!3m5!1s0x4653aa5583cdef0b:0xa721229374ca4ec8!8m2!3d55.5921547!4d12.647221!16s%2Fg%2F1hc5qkmfw?hl=da-DK&amp;entry=ttu&amp;g_ep=EgoyMDI0MTAyNy4wIKXMDSoASAFQAw%3D%3D\" target=\"_blank\" rel=\"noreferrer noopener\">Map<\/a><\/h2>\n\n\n\n<iframe src=\"https:\/\/www.google.com\/maps\/embed?pb=!1m18!1m12!1m3!1d2254.5662756048914!2d12.64464071160835!3d55.5921577042416!2m3!1f0!2f0!3f0!3m2!1i1024!2i768!4f13.1!3m3!1m2!1s0x4653aa5583cdef0b%3A0xa721229374ca4ec8!2sWatpa%20Copenhagen!5e0!3m2!1sen!2sdk!4v1754140763727!5m2!1sen!2sdk\" width=\"600\" height=\"450\" style=\"border:0;\" allowfullscreen=\"\" loading=\"lazy\" referrerpolicy=\"no-referrer-when-downgrade\"><\/iframe>\n\n\n\n<figure class=\"wp-block-image size-full\"><img loading=\"lazy\" decoding=\"async\" width=\"945\" height=\"674\" src=\"https:\/\/watpacph.org\/wp-content\/uploads\/2024\/10\/watpacph-map.jpg\" alt=\"\" class=\"wp-image-1014\" srcset=\"https:\/\/watpacph.org\/wp-content\/uploads\/2024\/10\/watpacph-map.jpg 945w, https:\/\/watpacph.org\/wp-content\/uploads\/2024\/10\/watpacph-map-300x214.jpg 300w, https:\/\/watpacph.org\/wp-content\/uploads\/2024\/10\/watpacph-map-768x548.jpg 768w\" sizes=\"auto, (max-width: 945px) 100vw, 945px\" \/><\/figure>\n\n\n\n<p><a href=\"#\">\u0e44\u0e1f\u0e25\u0e4c\u0e41\u0e1c\u0e19\u0e17\u0e35\u0e48<\/a>&nbsp;\u2013&nbsp;Map to Watpa Copenhagen BY BUS OR BY CAR<\/p>\n\n\n\n<p>\u0e17\u0e38\u0e01\u0e04\u0e19\u0e17\u0e35\u0e48\u0e02\u0e31\u0e1a\u0e23\u0e16\u0e21\u0e32\u0e27\u0e31\u0e14\u0e1b\u0e48\u0e32\u0e42\u0e04\u0e40\u0e1b\u0e19\u0e40\u0e2e\u0e40\u0e01\u0e19 \u0e01\u0e23\u0e38\u0e13\u0e40\u0e04\u0e32\u0e23\u0e1e\u0e01\u0e0f\u0e08\u0e23\u0e32\u0e08\u0e23 \u0e41\u0e25\u0e30\u0e40\u0e1e\u0e37\u0e48\u0e2d\u0e19\u0e1a\u0e49\u0e32\u0e19\u0e02\u0e49\u0e32\u0e07\u0e27\u0e31\u0e14\u0e14\u0e49\u0e27\u0e22\u0e43\u0e2b\u0e49\u0e08\u0e2d\u0e14\u0e23\u0e16\u0e1a\u0e23\u0e34\u0e40\u0e27\u0e13\u0e2a\u0e35\u0e40\u0e02\u0e35\u0e22\u0e27\u0e17\u0e35\u0e48\u0e17\u0e32\u0e07\u0e04\u0e2d\u0e21\u0e21\u0e39\u0e19\u0e2d\u0e19\u0e38\u0e0d\u0e32\u0e15\u0e43\u0e2b\u0e49\u0e08\u0e2d\u0e14\u0e44\u0e14\u0e49\u0e02\u0e49\u0e32\u0e07\u0e04\u0e2d\u0e01\u0e21\u0e49\u0e32 \u0e16\u0e19\u0e19\u0e01\u0e48\u0e2d\u0e19\u0e40\u0e02\u0e49\u0e32\u0e16\u0e36\u0e07\u0e27\u0e31\u0e14\u0e15\u0e32\u0e21\u0e41\u0e1c\u0e19\u0e17\u0e35\u0e48\u0e02\u0e49\u0e32\u0e07\u0e1a\u0e19<\/p>\n\n\n\n<p>Parkeringsplads p\u00e5 den gr\u00f8nne parkeringstilladelsen.f\u00e6rdselslov.<\/p>\n\n\n\n<p>\u0e21\u0e32\u0e23\u0e16\u0e40\u0e21\u0e25\u0e4c \u0e2a\u0e32\u0e22 250 S \u0e43\u0e2b\u0e49\u0e25\u0e07\u0e17\u0e35\u0e48\u0e1b\u0e49\u0e32\u0e22 St. Magleby<a href=\"#\">&nbsp;\u0e41\u0e25\u0e49\u0e27\u0e40\u0e14\u0e34\u0e19\u0e15\u0e32\u0e21\u0e41\u0e1c\u0e19\u0e17\u0e35\u0e48\u0e19\u0e35\u0e49<\/a><\/p>\n\n\n\n<p>\u0e21\u0e32\u0e23\u0e16\u0e40\u0e21\u0e25\u0e4c\u0e2a\u0e32\u0e22 35 \u0e25\u0e07\u0e17\u0e35\u0e48\u0e1b\u0e49\u0e32\u0e22\u0e19\u0e35\u0e49 Sl\u00f8rvej&nbsp;<a href=\"#\">\u0e41\u0e25\u0e49\u0e27\u0e40\u0e14\u0e34\u0e19\u0e15\u0e32\u0e41\u0e1c\u0e48\u0e19\u0e17\u0e35\u0e48\u0e19\u0e35\u0e49<\/a><\/p>\n\n\n\n<p>\u0e21\u0e32 METRO \u0e15\u0e48\u0e2d\u0e17\u0e35\u0e48\u0e2a\u0e19\u0e32\u0e21\u0e1a\u0e34\u0e19 Kastrup Lufthavn \u0e02\u0e36\u0e49\u0e19\u0e2a\u0e32\u0e22 35 \u0e08\u0e2d\u0e14\u0e2d\u0e22\u0e39\u0e48\u0e02\u0e49\u0e32\u0e07\u0e19\u0e2d\u0e01 Terminal 3 \u0e15\u0e23\u0e07\u0e02\u0e49\u0e32\u0e21\u0e42\u0e23\u0e07\u0e41\u0e23\u0e21 HILTON AIRPORT \u0e41\u0e25\u0e49\u0e27\u0e25\u0e07\u0e23\u0e16\u0e40\u0e21\u0e25\u0e4c\u0e1b\u0e49\u0e32\u0e22<a href=\"#\">\u0e19\u0e35\u0e49 Sl\u00f8rvej&nbsp;\u0e41\u0e25\u0e49\u0e27\u0e40\u0e14\u0e34\u0e19\u0e15\u0e32\u0e41\u0e1c\u0e48\u0e19\u0e17\u0e35\u0e48\u0e19\u0e35\u0e49<\/a><\/p>\n\n\n\n<p>\u0e21\u0e32\u0e42\u0e14\u0e22\u0e23\u0e16\u0e44\u0e1f\u0e25\u0e07\u0e17\u0e35\u0e48\u0e2a\u0e19\u0e32\u0e21\u0e1a\u0e34\u0e19 Kastrup Lufhavn Kastrup Lufhavn \u0e16\u0e49\u0e32\u0e25\u0e07\u0e2a\u0e19\u0e32\u0e21\u0e1a\u0e34\u0e19\u0e02\u0e36\u0e49\u0e19\u0e23\u0e16\u0e2a\u0e32\u0e22 35 \u0e08\u0e2d\u0e14\u0e2d\u0e22\u0e39\u0e48\u0e02\u0e49\u0e32\u0e07\u0e19\u0e2d\u0e01Terminal 3 \u0e41\u0e1c\u0e19\u0e17\u0e35\u0e48\u0e2a\u0e19\u0e32\u0e21\u0e1a\u0e34\u0e19Terminal 2-3&nbsp;&nbsp;<a href=\"#\">\u0e14\u0e39\u0e41\u0e1c\u0e48\u0e19\u0e17\u0e35\u0e48<\/a><\/p>\n\n\n\n<p>\u0e2b\u0e23\u0e37\u0e2d\u0e25\u0e07\u0e17\u0e35\u0e48\u0e2a\u0e16\u0e32\u0e19\u0e35 T\u00e5rnby st. \u0e02\u0e36\u0e49\u0e19\u0e23\u0e16\u0e40\u0e21\u0e25\u0e4c\u0e2a\u0e32\u0e22 250S \u0e23\u0e16\u0e27\u0e34\u0e48\u0e07\u0e44\u0e1bDrag\u00d8r&nbsp;<a href=\"#\">\u0e41\u0e25\u0e49\u0e27\u0e40\u0e14\u0e34\u0e19\u0e15\u0e48\u0e2d\u0e15\u0e32\u0e21\u0e41\u0e1c\u0e48\u0e19\u0e17\u0e35\u0e48\u0e19\u0e35\u0e49<\/a><\/p>\n\n\n\n<p><a href=\"#\">Kort<\/a><\/p>\n\n\n\n<p><a href=\"#\">Parkering \u0e1a\u0e23\u0e34\u0e40\u0e27\u0e13\u0e17\u0e35\u0e48\u0e08\u0e2d\u0e14\u0e23\u0e16<\/a><\/p>\n\n\n\n<p><\/p>\n","protected":false},"excerpt":{"rendered":"<p>WATPA COPENHAGENRytterager 1002791 DragoerDENMARK watpacph@gmail.com(+45)3294-2522 https:\/\/www.facebook.com\/Watpa.Copenhagen.Denmark Donation \u0e17\u0e48\u0e32\u0e19\u0e1c\u0e39\u0e49\u0e21\u0e35\u0e08\u0e34\u0e15\u0e28\u0e23\u0e31\u0e17\u0e18\u0e32\u0e17\u0e35\u0e48\u0e15\u0e49\u0e2d\u0e07\u0e01\u0e32\u0e23\u0e17\u0e35\u0e48\u0e08\u0e30\u0e1a\u0e23\u0e34\u0e08\u0e32\u0e04\u0e1b\u0e31\u0e08\u0e08\u0e31\u0e22\u0e16\u0e27\u0e32\u0e22\u0e43\u0e2b\u0e49\u0e01\u0e31\u0e1a\u0e17\u0e32\u0e07\u0e27\u0e31\u0e14\u0e40\u0e1b\u0e47\u0e19\u0e23\u0e32\u0e22\u0e40\u0e14\u0e37\u0e2d\u0e19 \u0e2a\u0e32\u0e21\u0e32\u0e23\u0e16\u0e42\u0e2d\u0e19\u0e1b\u0e31\u0e08\u0e08\u0e31\u0e22\u0e02\u0e2d\u0e07\u0e17\u0e48\u0e32\u0e19\u0e1c\u0e48\u0e32\u0e19\u0e17\u0e32\u0e07\u0e18\u0e19\u0e32\u0e04\u0e32\u0e23\u0e44\u0e14\u0e49\u0e17\u0e35\u0e48\u0e42\u0e21\u0e1a\u0e34\u0e25\u0e40\u0e1e\u0e25 \u0e43\u0e19\u0e40\u0e14\u0e19\u0e21\u0e32\u0e23\u0e4c\u0e01 Mobil Pay in Denmark BETALING SERVICE NETBANK Transfer NetBank INTERNET [&hellip;]<\/p>\n","protected":false},"author":2,"featured_media":1715,"parent":0,"menu_order":0,"comment_status":"closed","ping_status":"closed","template":"","meta":{"site-sidebar-layout":"default","site-content-layout":"","ast-site-content-layout":"default","site-content-style":"default","site-sidebar-style":"default","ast-global-header-display":"","ast-banner-title-visibility":"","ast-main-header-display":"","ast-hfb-above-header-display":"","ast-hfb-below-header-display":"","ast-hfb-mobile-header-display":"","site-post-title":"","ast-breadcrumbs-content":"","ast-featured-img":"disabled","footer-sml-layout":"","theme-transparent-header-meta":"","adv-header-id-meta":"","stick-header-meta":"","header-above-stick-meta":"","header-main-stick-meta":"","header-below-stick-meta":"","astra-migrate-meta-layouts":"default","ast-page-background-enabled":"default","ast-page-background-meta":{"desktop":{"background-color":"var(--ast-global-color-5)","background-image":"","background-repeat":"repeat","background-position":"center center","background-size":"auto","background-attachment":"scroll","background-type":"","background-media":"","overlay-type":"","overlay-color":"","overlay-opacity":"","overlay-gradient":""},"tablet":{"background-color":"","background-image":"","background-repeat":"repeat","background-position":"center center","background-size":"auto","background-attachment":"scroll","background-type":"","background-media":"","overlay-type":"","overlay-color":"","overlay-opacity":"","overlay-gradient":""},"mobile":{"background-color":"","background-image":"","background-repeat":"repeat","background-position":"center center","background-size":"auto","background-attachment":"scroll","background-type":"","background-media":"","overlay-type":"","overlay-color":"","overlay-opacity":"","overlay-gradient":""}},"ast-content-background-meta":{"desktop":{"background-color":"var(--ast-global-color-4)","background-image":"","background-repeat":"repeat","background-position":"center center","background-size":"auto","background-attachment":"scroll","background-type":"","background-media":"","overlay-type":"","overlay-color":"","overlay-opacity":"","overlay-gradient":""},"tablet":{"background-color":"var(--ast-global-color-4)","background-image":"","background-repeat":"repeat","background-position":"center center","background-size":"auto","background-attachment":"scroll","background-type":"","background-media":"","overlay-type":"","overlay-color":"","overlay-opacity":"","overlay-gradient":""},"mobile":{"background-color":"var(--ast-global-color-4)","background-image":"","background-repeat":"repeat","background-position":"center center","background-size":"auto","background-attachment":"scroll","background-type":"","background-media":"","overlay-type":"","overlay-color":"","overlay-opacity":"","overlay-gradient":""}},"ngg_post_thumbnail":0,"footnotes":""},"class_list":["post-1013","page","type-page","status-publish","has-post-thumbnail","hentry"],"_links":{"self":[{"href":"https:\/\/watpacph.org\/index.php?rest_route=\/wp\/v2\/pages\/1013","targetHints":{"allow":["GET"]}}],"collection":[{"href":"https:\/\/watpacph.org\/index.php?rest_route=\/wp\/v2\/pages"}],"about":[{"href":"https:\/\/watpacph.org\/index.php?rest_route=\/wp\/v2\/types\/page"}],"author":[{"embeddable":true,"href":"https:\/\/watpacph.org\/index.php?rest_route=\/wp\/v2\/users\/2"}],"replies":[{"embeddable":true,"href":"https:\/\/watpacph.org\/index.php?rest_route=%2Fwp%2Fv2%2Fcomments&post=1013"}],"version-history":[{"count":23,"href":"https:\/\/watpacph.org\/index.php?rest_route=\/wp\/v2\/pages\/1013\/revisions"}],"predecessor-version":[{"id":1830,"href":"https:\/\/watpacph.org\/index.php?rest_route=\/wp\/v2\/pages\/1013\/revisions\/1830"}],"wp:featuredmedia":[{"embeddable":true,"href":"https:\/\/watpacph.org\/index.php?rest_route=\/wp\/v2\/media\/1715"}],"wp:attachment":[{"href":"https:\/\/watpacph.org\/index.php?rest_route=%2Fwp%2Fv2%2Fmedia&parent=1013"}],"curies":[{"name":"wp","href":"https:\/\/api.w.org\/{rel}","templated":true}]}}